{"id":606,"date":"2021-10-21T14:48:41","date_gmt":"2021-10-21T14:48:41","guid":{"rendered":"https:\/\/spire.city\/?page_id=606"},"modified":"2021-10-28T10:31:22","modified_gmt":"2021-10-28T10:31:22","slug":"voting","status":"publish","type":"page","link":"https:\/\/spire.city\/index.php\/voting\/","title":{"rendered":"Voting"},"content":{"rendered":"\n<style>\n\n    .ideapush-container i, .ideapush-container a, .ideapush-container .idea-item-tag:hover, .ideapush-container .idea-item-file:hover, .ideapush-dialog .close-button, .ideapush-dialog-image .close-button, .idea-page-number.active,.idea-page-number:hover\n    {color: #3daf95;}\n\n\n    .ideapush-container .idea-item-tag:hover, .ideapush-container .idea-item-file:hover, .ideapush-dialog .ui-button,.ideapush-dialog .ui-button:hover,.ideapush-dialog .ui-button:focus, .ideapush-dialog .close-button, .ideapush-dialog-image .close-button, .idea-page-number.active,.idea-page-number:hover, .ideapush-container .challenge-message-box, .ideapush-container .vote-bank-message-box\n    {border-color: #3daf95;}\n\n    .submit-new-idea,.submit-new-idea:hover,.submit-new-idea:focus, .update-user-profile,.update-user-profile:hover,.update-user-profile:focus, .ideapush-dialog .ui-button,.ideapush-dialog .ui-button:hover,.ideapush-dialog .ui-button:focus, .admin-star-outer,.admin-star-outer-large, .create-idea-form-reveal,.create-idea-form-reveal:hover,.create-idea-form-reveal:focus, .ideapush-container .challenge-message-box,\n    .ideapush-container .vote-bank-message-box, .submit-new-comment,.submit-new-comment:hover,.submit-new-comment:focus\n    {background-color: #3daf95;}\n\n    .alertify .cancel\n    {color: #3daf95 !important;}\n\n    .alertify .ok, .alertify .cancel\n    {border-color: #3daf95 !important;}\n\n    .alertify .ok\n    {background-color: #3daf95 !important;}\n\n\n    <\/style><div class=\"ideapush-container\" data=\"24\" data-render-html=\"false\"><div class=\"ideapush-container-header\"><div class=\"ideapush-vote-target\">Get your idea to 1000 to be reviewed<\/div><\/div><div class=\"ideapush-container-ideas\"><div class=\"ideapush-container-idea-header\"><div class=\"ideapush-idea-filter\"><i class=\"ideapush-icon-Sort\"><\/i><select title=\"Sort Options\" data-user-id=\"\" class=\"ideapush-sort\"><option value=\"popular\" selected=\"selected\">Popular<\/option><option value=\"recent\" >Recent<\/option><option value=\"trending\" >Trending<\/option><\/select><i class=\"ideapush-icon-Filter\"><\/i><select title=\"Sort By Status\" class=\"ideapush-status-filter\"><option value=\"open\">Open<\/option><option value=\"reviewed\">Reviewed<\/option><option value=\"approved\">Approved<\/option><option value=\"declined\">Declined<\/option><option value=\"in-progress\">In Progress<\/option><option value=\"completed\">Completed<\/option><option value=\"all-statuses\" selected=\"selected\">All Statuses<\/option><\/select><select title=\"Sort By Tag\" class=\"ideapush-tags-filter\"><option value=\"all\">All<\/option><option value=\"28\">ECOLIVE<\/option><option value=\"31\">FREESOIL<\/option><option value=\"29\">HEMPTECHULAR<\/option><option value=\"27\">SUSTAINABLE VILLAGE<\/option><option value=\"26\">TREEBIO<\/option><option value=\"30\">WILLOMASS<\/option><\/select><\/div><div class=\"ideapush-idea-search\"><input title=\"Search\" class=\"ideapush-search-input\" placeholder=\"Search\"><i class=\"ideapush-icon-Search search-icon\"><\/i><\/input><\/div><\/div><ul class=\"dynamic-idea-listing\" data=\"24\"><li class=\"idea-item idea-item-642 idea-status-open\"><div class=\"idea-item-left\"><div class=\"idea-vote-container\" data=\"642\"><span class=\"idea-vote-number\">18<\/span><i class=\"ideapush-icon-Up-Vote vote-up-unvoted\"><\/i><i class=\"ideapush-icon-Down-Vote vote-down-unvoted\"><\/i><\/div><\/div><div class=\"idea-item-right\"><div class=\"idea-item-right-inner\"><a href=\"https:\/\/spire.city\/index.php\/idea\/treebio-vlad-sima\/\" class=\"idea-title\">TREEBIO \u2013 Vlad Sima<\/a><div class=\"idea-item-meta\"><span class=\"idea-item-date\">4 years ago<\/span><div class=\"idea-author-container\"><img decoding=\"async\" class=\"idea-author-profile-image\" src=\"https:\/\/spire.city\/wp-content\/plugins\/ideapush\/inc\/functions\/..\/images\/default-image.png\" \/><span class=\"admin-star-outer\"><i class=\"ideapush-icon-Star\"><\/i><\/span><a href=\"https:\/\/spire.city\/index.php\/author\/axxxyrsvkf\/?post_type=idea\" class=\"idea-author\">Sorin<\/a><\/div><span class=\"status-container\"><span class=\"idea-item-status idea-item-status-open\">open<\/span><\/span><a class=\"idea-item-comments no-comments-idea\" href=\"https:\/\/spire.city\/index.php\/idea\/treebio-vlad-sima\/#comments\">0<i class=\"ideapush-icon-Comment comments-icon\"><\/i><\/a><\/div><div class=\"idea-item-content-container\"><span class=\"idea-item-content\">Folosind ca materie prim\u0103 de\u0219euri lemnoase \u0219i platice, propunem: realizarea de scaune, corpuri de iluminat \u0219i ghivece din material compozit de tip WPC (wood-plastic composite), dezvoltarea unui materi<\/span>... <a class=\"idea-read-more\" href=\"https:\/\/spire.city\/index.php\/idea\/treebio-vlad-sima\/\">Read more...<\/a><\/div><div class=\"idea-item-additional-meta\"><span class=\"idea-item-attachment\"><i class=\"ideapush-icon-Image\"><\/i><a target=\"_blank\" href=\"https:\/\/spire.city\/wp-content\/uploads\/2021\/10\/Vlad-sima-1-113x150.jpeg\" class=\"idea-item-file\">Attachment<\/a><\/span><span class=\"idea-item-tags\"><i class=\"ideapush-icon-Tag\"><\/i> <a href=\"https:\/\/spire.city\/index.php\/ip-tag\/treebio\/\" class=\"idea-item-tag\">TREEBIO<\/a><\/span><\/div><\/div><\/div><\/li><li class=\"idea-item idea-item-646 idea-status-open\"><div class=\"idea-item-left\"><div class=\"idea-vote-container\" data=\"646\"><span class=\"idea-vote-number\">12<\/span><i class=\"ideapush-icon-Up-Vote vote-up-unvoted\"><\/i><i class=\"ideapush-icon-Down-Vote vote-down-unvoted\"><\/i><\/div><\/div><div class=\"idea-item-right\"><div class=\"idea-item-right-inner\"><a href=\"https:\/\/spire.city\/index.php\/idea\/ecolive-darina-styriakova\/\" class=\"idea-title\">ECOLIVE \u2013 Darina Styriakova<\/a><div class=\"idea-item-meta\"><span class=\"idea-item-date\">4 years ago<\/span><div class=\"idea-author-container\"><img decoding=\"async\" class=\"idea-author-profile-image\" src=\"https:\/\/spire.city\/wp-content\/plugins\/ideapush\/inc\/functions\/..\/images\/default-image.png\" \/><span class=\"admin-star-outer\"><i class=\"ideapush-icon-Star\"><\/i><\/span><a href=\"https:\/\/spire.city\/index.php\/author\/axxxyrsvkf\/?post_type=idea\" class=\"idea-author\">Sorin<\/a><\/div><span class=\"status-container\"><span class=\"idea-item-status idea-item-status-open\">open<\/span><\/span><a class=\"idea-item-comments no-comments-idea\" href=\"https:\/\/spire.city\/index.php\/idea\/ecolive-darina-styriakova\/#comments\">0<i class=\"ideapush-icon-Comment comments-icon\"><\/i><\/a><\/div><div class=\"idea-item-content-container\"><span class=\"idea-item-content\">Ekolive is the first and leading provider of a new ecological bioleaching method for the ecological release of elements and the breakdown of organic contaminants with consecutive production of biofert<\/span>... <a class=\"idea-read-more\" href=\"https:\/\/spire.city\/index.php\/idea\/ecolive-darina-styriakova\/\">Read more...<\/a><\/div><div class=\"idea-item-additional-meta\"><span class=\"idea-item-attachment\"><i class=\"ideapush-icon-Image\"><\/i><a target=\"_blank\" href=\"https:\/\/spire.city\/wp-content\/uploads\/2021\/10\/Darina-Styriakova-99x150.jpg\" class=\"idea-item-file\">Attachment<\/a><\/span><span class=\"idea-item-tags\"><i class=\"ideapush-icon-Tag\"><\/i> <a href=\"https:\/\/spire.city\/index.php\/ip-tag\/ecolive\/\" class=\"idea-item-tag\">ECOLIVE<\/a><\/span><\/div><\/div><\/div><\/li><li class=\"idea-item idea-item-648 idea-status-open\"><div class=\"idea-item-left\"><div class=\"idea-vote-container\" data=\"648\"><span class=\"idea-vote-number\">12<\/span><i class=\"ideapush-icon-Up-Vote vote-up-unvoted\"><\/i><i class=\"ideapush-icon-Down-Vote vote-down-unvoted\"><\/i><\/div><\/div><div class=\"idea-item-right\"><div class=\"idea-item-right-inner\"><a href=\"https:\/\/spire.city\/index.php\/idea\/hemptechular-apafi-norbert\/\" class=\"idea-title\">HEMPTECHULAR \u2013 Apafi Norbert<\/a><div class=\"idea-item-meta\"><span class=\"idea-item-date\">4 years ago<\/span><div class=\"idea-author-container\"><img decoding=\"async\" class=\"idea-author-profile-image\" src=\"https:\/\/spire.city\/wp-content\/plugins\/ideapush\/inc\/functions\/..\/images\/default-image.png\" \/><span class=\"admin-star-outer\"><i class=\"ideapush-icon-Star\"><\/i><\/span><a href=\"https:\/\/spire.city\/index.php\/author\/axxxyrsvkf\/?post_type=idea\" class=\"idea-author\">Sorin<\/a><\/div><span class=\"status-container\"><span class=\"idea-item-status idea-item-status-open\">open<\/span><\/span><a class=\"idea-item-comments no-comments-idea\" href=\"https:\/\/spire.city\/index.php\/idea\/hemptechular-apafi-norbert\/#comments\">0<i class=\"ideapush-icon-Comment comments-icon\"><\/i><\/a><\/div><div class=\"idea-item-content-container\"><span class=\"idea-item-content\">\u00cenfiin\u021barea planta\u021biilor de c\u00e2nep\u0103 \u2013 o planta cu propriet\u0103\u021bi superioare de absorb\u021bie a metalelor grele din sol. Ideea de afacere se bazeaz\u0103 pe tranformarea biomasei rezultate din c\u00e2nep\u0103 \u00een materiale d<\/span>... <a class=\"idea-read-more\" href=\"https:\/\/spire.city\/index.php\/idea\/hemptechular-apafi-norbert\/\">Read more...<\/a><\/div><div class=\"idea-item-additional-meta\"><span class=\"idea-item-attachment\"><i class=\"ideapush-icon-Image\"><\/i><a target=\"_blank\" href=\"https:\/\/spire.city\/wp-content\/uploads\/2021\/10\/apafi-norbert-150x100.jpg\" class=\"idea-item-file\">Attachment<\/a><\/span><span class=\"idea-item-tags\"><i class=\"ideapush-icon-Tag\"><\/i> <a href=\"https:\/\/spire.city\/index.php\/ip-tag\/hemptechular\/\" class=\"idea-item-tag\">HEMPTECHULAR<\/a><\/span><\/div><\/div><\/div><\/li><li class=\"idea-item idea-item-644 idea-status-open\"><div class=\"idea-item-left\"><div class=\"idea-vote-container\" data=\"644\"><span class=\"idea-vote-number\">11<\/span><i class=\"ideapush-icon-Up-Vote vote-up-unvoted\"><\/i><i class=\"ideapush-icon-Down-Vote vote-down-unvoted\"><\/i><\/div><\/div><div class=\"idea-item-right\"><div class=\"idea-item-right-inner\"><a href=\"https:\/\/spire.city\/index.php\/idea\/sustainable-village-vasilica-racariu\/\" class=\"idea-title\">SUSTAINABLE VILLAGE \u2013 Vasilica Racariu<\/a><div class=\"idea-item-meta\"><span class=\"idea-item-date\">4 years ago<\/span><div class=\"idea-author-container\"><img decoding=\"async\" class=\"idea-author-profile-image\" src=\"https:\/\/spire.city\/wp-content\/plugins\/ideapush\/inc\/functions\/..\/images\/default-image.png\" \/><span class=\"admin-star-outer\"><i class=\"ideapush-icon-Star\"><\/i><\/span><a href=\"https:\/\/spire.city\/index.php\/author\/axxxyrsvkf\/?post_type=idea\" class=\"idea-author\">Sorin<\/a><\/div><span class=\"status-container\"><span class=\"idea-item-status idea-item-status-open\">open<\/span><\/span><a class=\"idea-item-comments no-comments-idea\" href=\"https:\/\/spire.city\/index.php\/idea\/sustainable-village-vasilica-racariu\/#comments\">0<i class=\"ideapush-icon-Comment comments-icon\"><\/i><\/a><\/div><div class=\"idea-item-content-container\"><span class=\"idea-item-content\">Energie curat\u0103 din biomas\u0103 - solu\u021bie local\u0103 de independen\u021b\u0103 energetic\u0103. \u00cemi doresc s\u0103 ofer comunit\u0103\u021bilor rurale alternativa de a participa la dezvoltarea lor prin cet\u0103\u021beni. Astfel, se urm\u0103re\u0219te reduce<\/span>... <a class=\"idea-read-more\" href=\"https:\/\/spire.city\/index.php\/idea\/sustainable-village-vasilica-racariu\/\">Read more...<\/a><\/div><div class=\"idea-item-additional-meta\"><span class=\"idea-item-attachment\"><i class=\"ideapush-icon-Image\"><\/i><a target=\"_blank\" href=\"https:\/\/spire.city\/wp-content\/uploads\/2021\/10\/vasilica-racariu-150x150.jpg\" class=\"idea-item-file\">Attachment<\/a><\/span><span class=\"idea-item-tags\"><i class=\"ideapush-icon-Tag\"><\/i> <a href=\"https:\/\/spire.city\/index.php\/ip-tag\/sustainable-village\/\" class=\"idea-item-tag\">SUSTAINABLE VILLAGE<\/a><\/span><\/div><\/div><\/div><\/li><li class=\"idea-item idea-item-650 idea-status-open\"><div class=\"idea-item-left\"><div class=\"idea-vote-container\" data=\"650\"><span class=\"idea-vote-number\">9<\/span><i class=\"ideapush-icon-Up-Vote vote-up-unvoted\"><\/i><i class=\"ideapush-icon-Down-Vote vote-down-unvoted\"><\/i><\/div><\/div><div class=\"idea-item-right\"><div class=\"idea-item-right-inner\"><a href=\"https:\/\/spire.city\/index.php\/idea\/willomass-stefan-vasilencu\/\" class=\"idea-title\">WILLOMASS\u2013 Stefan Vasilencu<\/a><div class=\"idea-item-meta\"><span class=\"idea-item-date\">4 years ago<\/span><div class=\"idea-author-container\"><img decoding=\"async\" class=\"idea-author-profile-image\" src=\"https:\/\/spire.city\/wp-content\/plugins\/ideapush\/inc\/functions\/..\/images\/default-image.png\" \/><span class=\"admin-star-outer\"><i class=\"ideapush-icon-Star\"><\/i><\/span><a href=\"https:\/\/spire.city\/index.php\/author\/axxxyrsvkf\/?post_type=idea\" class=\"idea-author\">Sorin<\/a><\/div><span class=\"status-container\"><span class=\"idea-item-status idea-item-status-open\">open<\/span><\/span><a class=\"idea-item-comments no-comments-idea\" href=\"https:\/\/spire.city\/index.php\/idea\/willomass-stefan-vasilencu\/#comments\">0<i class=\"ideapush-icon-Comment comments-icon\"><\/i><\/a><\/div><div class=\"idea-item-content-container\"><span class=\"idea-item-content\">Am dezvoltat o tehnologie inovatoare brevetat\u0103 pentru prelucrarea a\u0219chiilor de lemn din salcie energetic\u0103. Aceast\u0103 tehnologie nou\u0103 de tocare este o modalitate eficient\u0103 din punct de vedere energetic d<\/span>... <a class=\"idea-read-more\" href=\"https:\/\/spire.city\/index.php\/idea\/willomass-stefan-vasilencu\/\">Read more...<\/a><\/div><div class=\"idea-item-additional-meta\"><span class=\"idea-item-attachment\"><i class=\"ideapush-icon-Image\"><\/i><a target=\"_blank\" href=\"https:\/\/spire.city\/wp-content\/uploads\/2021\/10\/Stefan-Vasilencu-138x150.jpg\" class=\"idea-item-file\">Attachment<\/a><\/span><span class=\"idea-item-tags\"><i class=\"ideapush-icon-Tag\"><\/i> <a href=\"https:\/\/spire.city\/index.php\/ip-tag\/willomass\/\" class=\"idea-item-tag\">WILLOMASS<\/a><\/span><\/div><\/div><\/div><\/li><li class=\"idea-item idea-item-652 idea-status-open\"><div class=\"idea-item-left\"><div class=\"idea-vote-container\" data=\"652\"><span class=\"idea-vote-number\">5<\/span><i class=\"ideapush-icon-Up-Vote vote-up-unvoted\"><\/i><i class=\"ideapush-icon-Down-Vote vote-down-unvoted\"><\/i><\/div><\/div><div class=\"idea-item-right\"><div class=\"idea-item-right-inner\"><a href=\"https:\/\/spire.city\/index.php\/idea\/freesoil-bencze-julianna\/\" class=\"idea-title\">FREESOIL \u2013 Bencze J\u00falianna<\/a><div class=\"idea-item-meta\"><span class=\"idea-item-date\">4 years ago<\/span><div class=\"idea-author-container\"><img decoding=\"async\" class=\"idea-author-profile-image\" src=\"https:\/\/spire.city\/wp-content\/plugins\/ideapush\/inc\/functions\/..\/images\/default-image.png\" \/><span class=\"admin-star-outer\"><i class=\"ideapush-icon-Star\"><\/i><\/span><a href=\"https:\/\/spire.city\/index.php\/author\/axxxyrsvkf\/?post_type=idea\" class=\"idea-author\">Sorin<\/a><\/div><span class=\"status-container\"><span class=\"idea-item-status idea-item-status-open\">open<\/span><\/span><a class=\"idea-item-comments no-comments-idea\" href=\"https:\/\/spire.city\/index.php\/idea\/freesoil-bencze-julianna\/#comments\">0<i class=\"ideapush-icon-Comment comments-icon\"><\/i><\/a><\/div><div class=\"idea-item-content-container\"><span class=\"idea-item-content\">Terenurile poluate de metale grele din Baia Mare dup\u0103 o fitoremediere reu\u0219it\u0103 pot fi transformate \u00een zone cu diferite func\u021bionalit\u0103\u021bi care s\u0103 fie \u00een folosul comunit\u0103\u021bii locale. Propun o procedur\u0103 de f<\/span>... <a class=\"idea-read-more\" href=\"https:\/\/spire.city\/index.php\/idea\/freesoil-bencze-julianna\/\">Read more...<\/a><\/div><div class=\"idea-item-additional-meta\"><span class=\"idea-item-attachment\"><i class=\"ideapush-icon-Image\"><\/i><a target=\"_blank\" href=\"https:\/\/spire.city\/wp-content\/uploads\/2021\/10\/Bencze-Julianna-113x150.jpg\" class=\"idea-item-file\">Attachment<\/a><\/span><span class=\"idea-item-tags\"><i class=\"ideapush-icon-Tag\"><\/i> <a href=\"https:\/\/spire.city\/index.php\/ip-tag\/freesoil\/\" class=\"idea-item-tag\">FREESOIL<\/a><\/span><\/div><\/div><\/div><\/li><\/ul><\/div><button class=\"create-idea-form-reveal\">Submit new idea<\/button><div class=\"ideapush-container-form\" data-single-idea-disabled=\"false\"><style>\n\n    .ideapush-container i, .ideapush-container a, .ideapush-container .idea-item-tag:hover, .ideapush-container .idea-item-file:hover, .ideapush-dialog .close-button, .ideapush-dialog-image .close-button, .idea-page-number.active,.idea-page-number:hover\n    {color: #3daf95;}\n\n\n    .ideapush-container .idea-item-tag:hover, .ideapush-container .idea-item-file:hover, .ideapush-dialog .ui-button,.ideapush-dialog .ui-button:hover,.ideapush-dialog .ui-button:focus, .ideapush-dialog .close-button, .ideapush-dialog-image .close-button, .idea-page-number.active,.idea-page-number:hover, .ideapush-container .challenge-message-box, .ideapush-container .vote-bank-message-box\n    {border-color: #3daf95;}\n\n    .submit-new-idea,.submit-new-idea:hover,.submit-new-idea:focus, .update-user-profile,.update-user-profile:hover,.update-user-profile:focus, .ideapush-dialog .ui-button,.ideapush-dialog .ui-button:hover,.ideapush-dialog .ui-button:focus, .admin-star-outer,.admin-star-outer-large, .create-idea-form-reveal,.create-idea-form-reveal:hover,.create-idea-form-reveal:focus, .ideapush-container .challenge-message-box,\n    .ideapush-container .vote-bank-message-box, .submit-new-comment,.submit-new-comment:hover,.submit-new-comment:focus\n    {background-color: #3daf95;}\n\n    .alertify .cancel\n    {color: #3daf95 !important;}\n\n    .alertify .ok, .alertify .cancel\n    {border-color: #3daf95 !important;}\n\n    .alertify .ok\n    {background-color: #3daf95 !important;}\n\n\n    <\/style><div class=\"ideapush-form-inner\"><span class=\"ideapush-form-title\">Push your idea<\/span><a href=\"https:\/\/spire.city\/wp-login.php?redirect_to=https%3A%2F%2Fspire.city%2Fwp-json%2Fwp%2Fv2%2Fpages%2F606\" class=\"ideapush-login-link\">Login<\/a><input type=\"text\" class=\"ideapush-form-first-name\" placeholder=\"First name\" maxlength=\"100\" required><input type=\"text\" class=\"ideapush-form-last-name\" placeholder=\"Last name\" maxlength=\"100\" required><input type=\"email\" class=\"ideapush-form-email\" placeholder=\"Email\" maxlength=\"150\" required><input type=\"password\" class=\"ideapush-form-password\" placeholder=\"Password\" required><input type=\"text\" class=\"ideapush-form-idea-title\" placeholder=\"Idea title\" maxlength=\"250\" required><textarea class=\"ideapush-form-idea-description\" placeholder=\"Add additional details\" maxlength=\"2000\" rows=\"8\" required=\"required\"><\/textarea><span class=\"ideapush-form-idea-description-counter\"><span class=\"counter-number\">0<\/span>\/2000<\/span><div dataError=\"You can't enter custom tags\" dataDuplicateError=\"Enter a unique value\" class=\"ideapush-form-idea-tags\" ><input placeholder=\"Tags\" class=\"ideapush-form-idea-tags-input\"><\/input><\/div><input class=\"ideapush-form-idea-attachment\" type=\"file\" name=\"fileToUpload\" id=\"fileToUpload\" accept=\".jpg, .jpeg, .png, .gif\"><label class=\"ideapush-form-idea-attachment-label\" for=\"fileToUpload\"><i class=\"ideapush-icon-Image\"><\/i> Attach image<\/label><input data-number-one=\"2\" data-number-two=\"1\" data-sign=\"x\" type=\"number\" class=\"ideapush-form-math-problem\" placeholder=\"2 x 1\" required><input type=\"text\" class=\"ideapush-form-extended-description\" placeholder=\"Please enter an extended description of the idea\" required><button class=\"submit-new-idea\">Push <i class=\"ideapush-icon-Submit\"><\/i><\/button><span class=\"idea-publish-loading\" style=\"display:none;\">Hold on <i class=\"ideapush-icon-Loading idea-publish-loading-icon\"><\/i><\/span><\/div><div style=\"display: none;\" id=\"dialog-idea-published\" data=\"Idea submitted successfully\"><\/div><div style=\"display: none;\" id=\"dialog-idea-reviewed\" data=\"Your idea has been submitted and will be reviewed soon\"><\/div><div style=\"display: none;\" id=\"dialog-recaptcha-fail\" data=\"Please make sure the reCAPTCHA is validated and all fields are completed\"><\/div><div style=\"display: none;\" id=\"dialog-math-fail\" data=\"You did not enter in a correct math value\"><\/div><div style=\"display: none;\" id=\"dialog-honey-fail\" data=\"It looks like you could be a robot, or alternatively please turn off any form autofill you have setup\"><\/div><div style=\"display: none;\" id=\"dialog-privacy-fail\" data=\"Please accept our privacy statement\"><\/div><div style=\"display: none;\" id=\"dialog-file-fail\" data=\"Please make sure all fields are completed\"><\/div><div style=\"display: none;\" id=\"dialog-attachment-fail\" data=\"There was an issue with the file you uploaded, please try again\"><\/div><div style=\"display: none;\" id=\"dialog-login-to-vote\" data=\"You must first register your name and email address before you can vote. Please enter your information below and then try voting again.\"><\/div><div style=\"display: none;\" id=\"dialog-login-to-vote-required\" data=\"Please ensure all fields are completed and a valid email is entered.\"><\/div><div style=\"display: none;\" id=\"dialog-existing-account\" data=\"An account already exists with this email, please login to associate the idea with your existing account.\"><\/div><div style=\"display: none;\" id=\"dialog-user-profile-error\" data=\"Please ensure a first and last is completed and your email is a valid email.\"><\/div><div style=\"display: none;\" id=\"no-votes-in-bank\" data=\"You have no votes votes left. Please wait until one of your ideas meets the threshold score or remove one of your existing votes.\"><\/div><div style=\"display: none;\" id=\"no-comment\" data=\"Please enter a comment.\"><\/div><div style=\"display: none;\" id=\"max-file-size\" data=\"5\"><\/div><\/div><\/div><div style=\"display: none;\" id=\"dialog-no-vote\" data=\"You have reached your daily vote limit or voting has been disabled on this board.\"><\/div><div style=\"display: none;\" id=\"dialog-no-idea\" data=\"You have reached your daily idea creation limit or idea creation has been disabled on this board.\"><\/div><div style=\"display: none;\" id=\"dialog-idea-delete\" data=\"Are you sure you want to delete this idea?\"><\/div><div style=\"display: none;\" id=\"dialog-idea-deleted\" data=\"The idea has been deleted.\"><\/div><div style=\"display: none;\" id=\"dialog-edit-idea-heading\" data=\"Edit Idea\"><\/div><div style=\"display: none;\" id=\"dialog-idea-edited\" data=\"The idea has been updated.\"><\/div><div style=\"display: none;\" id=\"dialog-idea-duplicate\" data=\"Please search for and select the original idea. Once you click submit the duplicate idea will be given a duplicate status and no more votes will be allowed for this idea and votes given to this idea will be transferred to the original idea where appropriate. The author of this duplicate idea will be notified of this status change if notifications are enabled in the plugin settings.\"><\/div><div style=\"display: none;\" id=\"dialog-idea-duplicate-success\" data=\"Idea successfully marked as duplicate\"><\/div><div style=\"display: none;\" id=\"create-user-form\" data-first=\"First name\" data-last=\"Last name\" data-email=\"Email\" data-email-confirm=\"Confirm email\" data-password=\"Password\"><\/div><div style=\"display: none;\" id=\"duplicate-idea-placeholder\" data=\"Enter original idea title here\"><\/div><div style=\"display: none;\" id=\"ok-cancel-buttons\" data-submit=\"Submit\" data-cancel=\"Cancel\" data-yes=\"Yes\" data-no=\"No\"><\/div>\n","protected":false},"excerpt":{"rendered":"<p> <a class=\"continue-reading-link\" href=\"https:\/\/spire.city\/index.php\/voting\/\"><span>Continue reading<\/span><i class=\"crycon-right-dir\"><\/i><\/a> <\/p>\n","protected":false},"author":1,"featured_media":0,"parent":0,"menu_order":0,"comment_status":"closed","ping_status":"closed","template":"","meta":{"_monsterinsights_skip_tracking":false,"_monsterinsights_sitenote_active":false,"_monsterinsights_sitenote_note":"","_monsterinsights_sitenote_category":0,"footnotes":""},"aioseo_notices":[],"_links":{"self":[{"href":"https:\/\/spire.city\/index.php\/wp-json\/wp\/v2\/pages\/606"}],"collection":[{"href":"https:\/\/spire.city\/index.php\/wp-json\/wp\/v2\/pages"}],"about":[{"href":"https:\/\/spire.city\/index.php\/wp-json\/wp\/v2\/types\/page"}],"author":[{"embeddable":true,"href":"https:\/\/spire.city\/index.php\/wp-json\/wp\/v2\/users\/1"}],"replies":[{"embeddable":true,"href":"https:\/\/spire.city\/index.php\/wp-json\/wp\/v2\/comments?post=606"}],"version-history":[{"count":4,"href":"https:\/\/spire.city\/index.php\/wp-json\/wp\/v2\/pages\/606\/revisions"}],"predecessor-version":[{"id":655,"href":"https:\/\/spire.city\/index.php\/wp-json\/wp\/v2\/pages\/606\/revisions\/655"}],"wp:attachment":[{"href":"https:\/\/spire.city\/index.php\/wp-json\/wp\/v2\/media?parent=606"}],"curies":[{"name":"wp","href":"https:\/\/api.w.org\/{rel}","templated":true}]}}