{"id":810,"date":"2022-11-21T08:50:37","date_gmt":"2022-11-21T08:50:37","guid":{"rendered":"http:\/\/spire.city\/?page_id=810"},"modified":"2023-11-28T07:20:11","modified_gmt":"2023-11-28T07:20:11","slug":"parteneri-ileu","status":"publish","type":"page","link":"https:\/\/spire.city\/index.php\/parteneri-ileu\/","title":{"rendered":"Parteneri iLEU"},"content":{"rendered":"<ul class=\"display-posts-listing\"><li class=\"listing-item\"><a class=\"image\" href=\"https:\/\/spire.city\/index.php\/2023\/11\/28\/creative-space\/?header=0\/\"><a href=\"https:\/\/spire.city\/index.php\/2023\/11\/28\/creative-space\/?header=0\/\" title=\"Creative Space\"><img fetchpriority=\"high\" decoding=\"async\" width=\"300\" height=\"171\" src=\"https:\/\/spire.city\/wp-content\/uploads\/2023\/11\/image-300x171.png\" class=\"attachment-medium size-medium no-lazy wp-post-image\" alt=\"\" srcset=\"https:\/\/spire.city\/wp-content\/uploads\/2023\/11\/image-300x171.png 300w, https:\/\/spire.city\/wp-content\/uploads\/2023\/11\/image-1024x585.png 1024w, https:\/\/spire.city\/wp-content\/uploads\/2023\/11\/image-768x439.png 768w, https:\/\/spire.city\/wp-content\/uploads\/2023\/11\/image-1536x878.png 1536w, https:\/\/spire.city\/wp-content\/uploads\/2023\/11\/image-150x86.png 150w, https:\/\/spire.city\/wp-content\/uploads\/2023\/11\/image.png 1792w\" sizes=\"(max-width: 300px) 100vw, 300px\" \/><\/a><\/a> <a class=\"title\" href=\"https:\/\/spire.city\/index.php\/2023\/11\/28\/creative-space\/?header=0\/\">Creative Space<\/a> <span class=\"excerpt-dash\">-<\/span> <span class=\"excerpt\">Denumire : Creative Space Serviciu : Consultan\u021b\u0103 \u00een planificare strategic\u0103 Serviciu: Training &#8211; utilizare date satelitare Tarife: Suma maxim\u0103 pl\u0103tibil\u0103 \u00een iLEU: 25% Contact: sorin@cspace.ro<p> <a class=\"continue-reading-link\" href=\"https:\/\/spire.city\/index.php\/2023\/11\/28\/creative-space\/?header=0\/\"><span>Continue reading<\/span><i class=\"crycon-right-dir\"><\/i><\/a> <\/p><\/span><\/li><li class=\"listing-item\"><a class=\"image\" href=\"https:\/\/spire.city\/index.php\/2023\/08\/04\/lansec\/?header=0\/\"><a href=\"https:\/\/spire.city\/index.php\/2023\/08\/04\/lansec\/?header=0\/\" title=\"Lansec - Laser Tag\"><img decoding=\"async\" width=\"300\" height=\"300\" src=\"https:\/\/spire.city\/wp-content\/uploads\/2023\/08\/image-300x300.png\" class=\"attachment-medium size-medium no-lazy wp-post-image\" alt=\"\" srcset=\"https:\/\/spire.city\/wp-content\/uploads\/2023\/08\/image-300x300.png 300w, https:\/\/spire.city\/wp-content\/uploads\/2023\/08\/image-150x150.png 150w, https:\/\/spire.city\/wp-content\/uploads\/2023\/08\/image-768x768.png 768w, https:\/\/spire.city\/wp-content\/uploads\/2023\/08\/image.png 937w\" sizes=\"(max-width: 300px) 100vw, 300px\" \/><\/a><\/a> <a class=\"title\" href=\"https:\/\/spire.city\/index.php\/2023\/08\/04\/lansec\/?header=0\/\">Lansec &#8211; Laser Tag<\/a> <span class=\"excerpt-dash\">-<\/span> <span class=\"excerpt\">Denumire : Lansec Serviciu : Organizare jocuri LaserTag \u00een loca\u021bia clientului Tarife: Suma maxim\u0103 pl\u0103tibil\u0103 \u00een iLEU: 25% Contact: rezervari@laserwar.ro, 0723 607 756<p> <a class=\"continue-reading-link\" href=\"https:\/\/spire.city\/index.php\/2023\/08\/04\/lansec\/?header=0\/\"><span>Continue reading<\/span><i class=\"crycon-right-dir\"><\/i><\/a> <\/p><\/span><\/li><li class=\"listing-item\"><a class=\"image\" href=\"https:\/\/spire.city\/index.php\/2023\/05\/03\/one-it\/?header=0\/\"><a href=\"https:\/\/spire.city\/index.php\/2023\/05\/03\/one-it\/?header=0\/\" title=\"ONE-IT\"><img decoding=\"async\" width=\"255\" height=\"230\" src=\"https:\/\/spire.city\/wp-content\/uploads\/2023\/05\/image.png\" class=\"attachment-medium size-medium no-lazy wp-post-image\" alt=\"\" srcset=\"https:\/\/spire.city\/wp-content\/uploads\/2023\/05\/image.png 255w, https:\/\/spire.city\/wp-content\/uploads\/2023\/05\/image-150x135.png 150w\" sizes=\"(max-width: 255px) 100vw, 255px\" \/><\/a><\/a> <a class=\"title\" href=\"https:\/\/spire.city\/index.php\/2023\/05\/03\/one-it\/?header=0\/\">ONE-IT<\/a> <span class=\"excerpt-dash\">-<\/span> <span class=\"excerpt\">Denumire : One-IT Serviciu : Furnizor \u0219i integrator de echipamente IT, solu\u021bii \u0219i servicii IT personalizatec. Tarife: Suma maxim\u0103 pl\u0103tibil\u0103 \u00een iLEU: 5% din valoarea echipamentelor \u0219i solu\u021biilor IT 20% din valoarea serviciilor IT furnizate de One-IT Contact: contact@one-it.ro, 0262 223 385 B-dul Bucure\u0219ti, nr. 21, Baia Mare, Maramure\u0219<p> <a class=\"continue-reading-link\" href=\"https:\/\/spire.city\/index.php\/2023\/05\/03\/one-it\/?header=0\/\"><span>Continue reading<\/span><i class=\"crycon-right-dir\"><\/i><\/a> <\/p><\/span><\/li><li class=\"listing-item\"><a class=\"image\" href=\"https:\/\/spire.city\/index.php\/2023\/03\/30\/insidemedia\/?header=0\/\"><a href=\"https:\/\/spire.city\/index.php\/2023\/03\/30\/insidemedia\/?header=0\/\" title=\"InsideMedia\"><img loading=\"lazy\" decoding=\"async\" width=\"300\" height=\"115\" src=\"https:\/\/spire.city\/wp-content\/uploads\/2023\/03\/logo-inside-media-300x115.jpg\" class=\"attachment-medium size-medium no-lazy wp-post-image\" alt=\"\" srcset=\"https:\/\/spire.city\/wp-content\/uploads\/2023\/03\/logo-inside-media-300x115.jpg 300w, https:\/\/spire.city\/wp-content\/uploads\/2023\/03\/logo-inside-media-1024x391.jpg 1024w, https:\/\/spire.city\/wp-content\/uploads\/2023\/03\/logo-inside-media-768x293.jpg 768w, https:\/\/spire.city\/wp-content\/uploads\/2023\/03\/logo-inside-media-1536x587.jpg 1536w, https:\/\/spire.city\/wp-content\/uploads\/2023\/03\/logo-inside-media-150x57.jpg 150w, https:\/\/spire.city\/wp-content\/uploads\/2023\/03\/logo-inside-media.jpg 1600w\" sizes=\"(max-width: 300px) 100vw, 300px\" \/><\/a><\/a> <a class=\"title\" href=\"https:\/\/spire.city\/index.php\/2023\/03\/30\/insidemedia\/?header=0\/\">InsideMedia<\/a> <span class=\"excerpt-dash\">-<\/span> <span class=\"excerpt\">Denumire : Inside Media Serviciu : Personalizare obiecte promo\u021bionale: tricouri, pixuri, brelocuri, c\u0103ni etc. Tarife: Suma maxim\u0103 pl\u0103tibil\u0103 \u00een iLEU: 50% din costul personaliz\u0103rii Contact: office@insidemedia.ro, 0744 760 433 Strada Minerilor 16, Baia Mare 430322<p> <a class=\"continue-reading-link\" href=\"https:\/\/spire.city\/index.php\/2023\/03\/30\/insidemedia\/?header=0\/\"><span>Continue reading<\/span><i class=\"crycon-right-dir\"><\/i><\/a> <\/p><\/span><\/li><li class=\"listing-item\"><a class=\"image\" href=\"https:\/\/spire.city\/index.php\/2023\/03\/30\/cloudscape\/?header=0\/\"><a href=\"https:\/\/spire.city\/index.php\/2023\/03\/30\/cloudscape\/?header=0\/\" title=\"Cloudscape\"><img loading=\"lazy\" decoding=\"async\" width=\"300\" height=\"125\" src=\"https:\/\/spire.city\/wp-content\/uploads\/2023\/03\/image-1-300x125.png\" class=\"attachment-medium size-medium no-lazy wp-post-image\" alt=\"\" srcset=\"https:\/\/spire.city\/wp-content\/uploads\/2023\/03\/image-1-300x125.png 300w, https:\/\/spire.city\/wp-content\/uploads\/2023\/03\/image-1-150x63.png 150w, https:\/\/spire.city\/wp-content\/uploads\/2023\/03\/image-1.png 525w\" sizes=\"(max-width: 300px) 100vw, 300px\" \/><\/a><\/a> <a class=\"title\" href=\"https:\/\/spire.city\/index.php\/2023\/03\/30\/cloudscape\/?header=0\/\">Cloudscape<\/a> <span class=\"excerpt-dash\">-<\/span> <span class=\"excerpt\">Denumire : Cloudscape Binary VPN Serviciu : Gazduire web servere&nbsp;linux cu sistem de management cpanel, g\u0103zduire fisiere,baze de date, adrese de email Tarife: Suma maxim\u0103 pl\u0103tibil\u0103 \u00een iLEU: 100% Serviciu : Re\u021bea privat\u0103 virtual\u0103 VPN, securizat\u0103 \u0219i u\u0219or de administrat Tarife: Suma maxim\u0103 pl\u0103tibil\u0103 \u00een iLEU: 100% Contact: contact@cloudscape.software, 0741...<p> <a class=\"continue-reading-link\" href=\"https:\/\/spire.city\/index.php\/2023\/03\/30\/cloudscape\/?header=0\/\"><span>Continue reading<\/span><i class=\"crycon-right-dir\"><\/i><\/a> <\/p><\/span><\/li><\/ul>\n","protected":false},"excerpt":{"rendered":"<p> <a class=\"continue-reading-link\" href=\"https:\/\/spire.city\/index.php\/2023\/03\/30\/cloudscape\/?header=0\/\"><span>Continue reading<\/span><i class=\"crycon-right-dir\"><\/i><\/a> <\/p>\n","protected":false},"author":2,"featured_media":0,"parent":0,"menu_order":0,"comment_status":"closed","ping_status":"closed","template":"","meta":{"_monsterinsights_skip_tracking":false,"_monsterinsights_sitenote_active":false,"_monsterinsights_sitenote_note":"","_monsterinsights_sitenote_category":0,"footnotes":""},"aioseo_notices":[],"_links":{"self":[{"href":"https:\/\/spire.city\/index.php\/wp-json\/wp\/v2\/pages\/810"}],"collection":[{"href":"https:\/\/spire.city\/index.php\/wp-json\/wp\/v2\/pages"}],"about":[{"href":"https:\/\/spire.city\/index.php\/wp-json\/wp\/v2\/types\/page"}],"author":[{"embeddable":true,"href":"https:\/\/spire.city\/index.php\/wp-json\/wp\/v2\/users\/2"}],"replies":[{"embeddable":true,"href":"https:\/\/spire.city\/index.php\/wp-json\/wp\/v2\/comments?post=810"}],"version-history":[{"count":23,"href":"https:\/\/spire.city\/index.php\/wp-json\/wp\/v2\/pages\/810\/revisions"}],"predecessor-version":[{"id":883,"href":"https:\/\/spire.city\/index.php\/wp-json\/wp\/v2\/pages\/810\/revisions\/883"}],"wp:attachment":[{"href":"https:\/\/spire.city\/index.php\/wp-json\/wp\/v2\/media?parent=810"}],"curies":[{"name":"wp","href":"https:\/\/api.w.org\/{rel}","templated":true}]}}